{"id":6,"date":"2026-02-10T21:06:06","date_gmt":"2026-02-10T21:06:06","guid":{"rendered":"https:\/\/brdrvejen.dk\/?page_id=6"},"modified":"2026-02-25T19:14:15","modified_gmt":"2026-02-25T18:14:15","slug":"dj-service","status":"publish","type":"page","link":"https:\/\/brdrvejen.dk\/index.php\/dj-service\/","title":{"rendered":"DJ Service"},"content":{"rendered":"\n<pre class=\"wp-block-preformatted\">Br\u00f8drene Vejen leverer en aften ud over det s\u00e6dvanlige, med professionelt udstyr i et imponerende setup. \nVi kan spille enhver fest op, og give jer et show i aldrig glemmer, med imponerende lyseffekter, r\u00f8g og meget mere!<\/pre>\n\n\n\n<div class=\"wp-block-group alignfull is-style-section-5 has-global-padding is-layout-constrained wp-container-core-group-is-layout-8e05dc61 wp-block-group-is-layout-constrained\" style=\"min-height:100vh;margin-top:0;margin-bottom:0;padding-top:var(--wp--preset--spacing--50);padding-right:var(--wp--preset--spacing--50);padding-bottom:var(--wp--preset--spacing--50);padding-left:var(--wp--preset--spacing--50)\">\n<div class=\"wp-block-columns alignfull is-layout-flex wp-container-core-columns-is-layout-cc2e4ea6 wp-block-columns-is-layout-flex\">\n<div class=\"wp-block-column is-layout-flow wp-block-column-is-layout-flow\">\n<div class=\"wp-block-cover alignleft is-light\" style=\"min-height:100vh;aspect-ratio:unset;\"><video class=\"wp-block-cover__video-background intrinsic-ignore\" autoplay muted loop playsinline src=\"http:\/\/brdrvejen.dk\/wp-content\/uploads\/2026\/02\/I-fredags-afholdt-vi-den-foerste-fest-paa-U-NORD-Frederikssund-\ud83e\udd73-En-Halloweenfest-med-engle-\ud83e\udebd-d.mp4\" data-object-fit=\"cover\"><\/video><span aria-hidden=\"true\" class=\"wp-block-cover__background has-background-dim-0 has-background-dim\" style=\"background-color:#818181\"><\/span><div class=\"wp-block-cover__inner-container is-layout-flow wp-block-cover-is-layout-flow\">\n<div style=\"height:var(--wp--preset--spacing--20)\" aria-hidden=\"true\" class=\"wp-block-spacer\"><\/div>\n<\/div><\/div>\n<\/div>\n\n\n\n<div class=\"wp-block-column is-layout-flow wp-block-column-is-layout-flow\">\n<div class=\"wp-block-group is-vertical is-content-justification-stretch is-nowrap is-layout-flex wp-container-core-group-is-layout-cd608154 wp-block-group-is-layout-flex\" style=\"min-height:100%\">\n<p class=\"has-text-align-left has-electric-grass-gradient-background has-background has-medium-font-size wp-block-paragraph\" style=\"border-top-left-radius:34px;border-top-right-radius:34px;border-bottom-left-radius:34px;border-bottom-right-radius:34px;line-height:1.2\">Hver fest er sin egen, og vi bestr\u00e6ber os altid p\u00e5 at im\u00f8dekomme netop <em>dine<\/em> \u00f8nsker. <br>Har du blot brug for festlig musik? <strong>Perfekt!<\/strong><br>Vil du have det helt store setup med alt hvad den kan tr\u00e6kke? <strong>Endnu bedre!<\/strong><br><br>Se nedenfor hvad vi kan byde p\u00e5 &#8211; og kontakt os <a href=\"https:\/\/brdrvejen.dk\/index.php\/om-os\/\" data-type=\"page\" data-id=\"31\">her<\/a> for et uforpligtende tilbud og en god snak.<\/p>\n\n\n\n<details class=\"wp-block-details is-layout-flow wp-container-core-details-is-layout-1f0cc803 wp-block-details-is-layout-flow\"><summary><strong>Musik<\/strong><\/summary>\n<p class=\"has-background has-small-font-size wp-block-paragraph\" style=\"border-top-left-radius:24px;border-top-right-radius:24px;border-bottom-left-radius:24px;border-bottom-right-radius:24px;background:linear-gradient(137deg,rgb(6,147,227) 0%,rgb(155,81,224) 100%)\">Vi garanterer at vi altid kan spille din fest op, med eget professionelt lydudstyr. Vi s\u00e6tter op f\u00f8r festen og sikrer at alt spiller, og piller ned n\u00e5r festen er slut.<\/p>\n<\/details>\n\n\n\n<details class=\"wp-block-details is-layout-flow wp-block-details-is-layout-flow\"><summary><strong>Lys<\/strong><\/summary>\n<p class=\"has-vivid-cyan-blue-to-vivid-purple-gradient-background has-background has-small-font-size wp-block-paragraph\" style=\"border-top-left-radius:24px;border-top-right-radius:24px;border-bottom-left-radius:24px;border-bottom-right-radius:24px\">Vi har alle de lyseffekter du kunne t\u00e6nke dig &#8211; Projekt\u00f8rer, Lasere, Strobelys og mere til, alt sammen med til at skabe stemning og lyse natten op!<\/p>\n<\/details>\n\n\n\n<details class=\"wp-block-details is-layout-flow wp-block-details-is-layout-flow\"><summary><strong>Diverse<\/strong><\/summary>\n<p class=\"has-vivid-cyan-blue-to-vivid-purple-gradient-background has-background has-small-font-size wp-block-paragraph\" style=\"border-top-left-radius:24px;border-top-right-radius:24px;border-bottom-left-radius:24px;border-bottom-right-radius:24px\">Fuldend sceneshowet med et v\u00e6ld af effekter, s\u00e5som r\u00f8g og s\u00e6bebobler!<\/p>\n<\/details>\n\n\n\n<div class=\"wp-block-group is-nowrap is-layout-flex wp-container-core-group-is-layout-33448194 wp-block-group-is-layout-flex\"><\/div>\n<\/div>\n<\/div>\n<\/div>\n<\/div>\n","protected":false},"excerpt":{"rendered":"<p>Br\u00f8drene Vejen leverer en aften ud over det s\u00e6dvanlige, med professionelt udstyr i et imponerende setup. Vi kan spille enhver fest op, og give jer et show i aldrig glemmer, med imponerende lyseffekter, r\u00f8g og meget mere! Hver fest er sin egen, og vi bestr\u00e6ber os altid p\u00e5 at im\u00f8dekomme netop dine \u00f8nsker. Har du blot brug for festlig musik? Perfekt!Vil du have det helt store setup med alt hvad den kan tr\u00e6kke? Endnu bedre! Se nedenfor hvad vi kan byde p\u00e5 &#8211; og kontakt os her for et uforpligtende tilbud og en god snak.<\/p>\n","protected":false},"author":1,"featured_media":0,"parent":0,"menu_order":0,"comment_status":"closed","ping_status":"closed","template":"","meta":{"_crdt_document":"","footnotes":""},"class_list":["post-6","page","type-page","status-publish","hentry"],"_links":{"self":[{"href":"https:\/\/brdrvejen.dk\/index.php\/wp-json\/wp\/v2\/pages\/6","targetHints":{"allow":["GET"]}}],"collection":[{"href":"https:\/\/brdrvejen.dk\/index.php\/wp-json\/wp\/v2\/pages"}],"about":[{"href":"https:\/\/brdrvejen.dk\/index.php\/wp-json\/wp\/v2\/types\/page"}],"author":[{"embeddable":true,"href":"https:\/\/brdrvejen.dk\/index.php\/wp-json\/wp\/v2\/users\/1"}],"replies":[{"embeddable":true,"href":"https:\/\/brdrvejen.dk\/index.php\/wp-json\/wp\/v2\/comments?post=6"}],"version-history":[{"count":18,"href":"https:\/\/brdrvejen.dk\/index.php\/wp-json\/wp\/v2\/pages\/6\/revisions"}],"predecessor-version":[{"id":112,"href":"https:\/\/brdrvejen.dk\/index.php\/wp-json\/wp\/v2\/pages\/6\/revisions\/112"}],"wp:attachment":[{"href":"https:\/\/brdrvejen.dk\/index.php\/wp-json\/wp\/v2\/media?parent=6"}],"curies":[{"name":"wp","href":"https:\/\/api.w.org\/{rel}","templated":true}]}}