{"id":26,"date":"2026-02-10T20:58:39","date_gmt":"2026-02-10T20:58:39","guid":{"rendered":"https:\/\/brdrvejen.dk\/?page_id=26"},"modified":"2026-02-25T19:37:13","modified_gmt":"2026-02-25T18:37:13","slug":"udlejning","status":"publish","type":"page","link":"https:\/\/brdrvejen.dk\/index.php\/udlejning\/","title":{"rendered":"Udlejning"},"content":{"rendered":"\n<pre class=\"wp-block-preformatted\">Vi har masser af udstyr til at g\u00f8re din fest til noget s\u00e6rligt. N\u00e5r i lejer udstyr af os, s\u00f8rger vi altid for transport og reng\u00f8ring, samt grundig instruks i anvendelsen af maskinerne.\nTil maskinerne f\u00f8lger ogs\u00e5 en basis-pakke af tilbeh\u00f8r, s\u00e5 i ikke skal t\u00e6nke p\u00e5 andet end at nyde dagen. \u00d8nsker man yderligere tilbeh\u00f8r kan dette tilk\u00f8bes.<\/pre>\n\n\n\n<details class=\"wp-block-details is-layout-flow wp-block-details-is-layout-flow\"><summary><strong>Slush-Ice<\/strong><\/summary>\n<p class=\"wp-block-paragraph\">Alle der nogensinde har holdt fest(is\u00e6r om sommeren) ved hvor uundv\u00e6rlig en <strong>slush-ice maskine<\/strong> kan v\u00e6re for festen. B\u00f8rn og voksne elsker det ligeligt. <\/p>\n\n\n\n<p class=\"wp-block-paragraph\">Vores slush-ice maskiner er med 2 kamre, s\u00e5 du kan lave st\u00f8rre m\u00e6ngder ad gangen, samt nyde flere forskellige smagsvarianter. <br>Vi tilbyder klassiske smagsvarianter, og kan skaffe flere p\u00e5 foresp\u00f8rgsel. Med i lejen f\u00f8lger 2 dunke saft til slush-ice, 50 plastikkopper og suger\u00f8r. Yderligere kan tilk\u00f8bes.<\/p>\n<\/details>\n\n\n\n<details class=\"wp-block-details is-layout-flow wp-block-details-is-layout-flow\"><summary><strong>Popcorn<\/strong><\/summary>\n<p class=\"wp-block-paragraph\">Vores <strong>popcornmaskiner<\/strong> er en festlig tilf\u00f8jelse til din b\u00f8rnef\u00f8dselsdag, konfirmation, nyt\u00e5rsfest, you name it &#8211; Den er med til at s\u00e6tte stemningen!<\/p>\n\n\n\n<p class=\"wp-block-paragraph\">Popcornmaskinen kommer med fedtstof og popcorn, samt rigtige popcornb\u00e6gre, for at give oplevelsen endnu et l\u00f8ft.<\/p>\n<\/details>\n\n\n\n<details class=\"wp-block-details is-layout-flow wp-block-details-is-layout-flow\"><summary><strong>Varm<\/strong> <strong>kakao<\/strong><\/summary>\n<p class=\"wp-block-paragraph\">Seneste skud p\u00e5 stammen er vores <strong>varm kakao-maskine<\/strong>. N\u00e5r m\u00f8rket og kulden melder sig, eller n\u00e5r man bare er i hyggehum\u00f8r, s\u00e5 er en kop varmt at lune sig p\u00e5 altid velkommen. Vi giver derfor dig og dine g\u00e6ster muligheden for at nyde netop dette, ganske arbejdsfrit.<\/p>\n\n\n\n<p class=\"wp-block-paragraph\">Med til maskinen f\u00f8lger<\/p>\n<\/details>\n\n\n\n<figure class=\"wp-block-table\"><table><tbody><tr><td><\/td><td><strong>Leje af maskine<\/strong><\/td><td><strong>Ekstra kopper\/b\u00e6gre<\/strong><\/td><td><strong>Ekstra r\u00e5varer<\/strong><\/td><\/tr><tr><td><strong>Slush-Ice <\/strong><\/td><td><\/td><td><\/td><td><\/td><\/tr><tr><td><strong>Popcorn <\/strong><\/td><td><\/td><td><\/td><td><\/td><\/tr><tr><td><strong>Varm kakao<\/strong><\/td><td><\/td><td><\/td><td><\/td><\/tr><\/tbody><\/table><\/figure>\n\n\n\n<details class=\"wp-block-details is-layout-flow wp-block-details-is-layout-flow\"><summary><strong>Regler ved leje af maskiner<\/strong><\/summary>\n<ol class=\"wp-block-list\">\n<li>Ved leje af udstyr er du som lejer ansvarlig for, at materiellet behandles forsvarligt og returneres i samme stand, som det blev modtaget (eksklusive normal slitage). Som lejer har du fuld erstatningspligt for skader eller bortkomst, og skal sikre, at udstyret benyttes korrekt, forsvarligt og i overensstemmelse med de givne instruktioner. <br>Fors\u00f8g aldrig at skille udstyret ad, ud over det instruerede. Maskinerne indeholder mange sm\u00e5 elementer, som kan v\u00e6re dyre at erstatte, s\u00e5fremt disse skulle bortkomme eller destrueres.<br>S\u00e5fremt disse forholdsregler ikke overholdes, forbeholder vi retten til at opkr\u00e6ve erstatning i form af fuld pris for en tilsvarende maskine p\u00e5 det givne tidspunkt. Det kan virke h\u00e5rdt, men vi kan risikere at skulle ud og k\u00f8be helt nyt materiel, og risikerer yderligere at m\u00e5tte skuffe andre kunder, s\u00e5fremt vi er fuldt booket.<br>Bare husk at behandle udstyret som tilt\u00e6nkt, s\u00e5 opst\u00e5r der ingen problemer!<\/li>\n\n\n\n<li style=\"margin-top:var(--wp--preset--spacing--30);margin-bottom:var(--wp--preset--spacing--30)\">Afbestilling af lejeudstyr, eksempelvis i forbindelse med aflysning af arrangementer, skal meldes telefonisk s\u00e5 tidligt som muligt. Vi opkr\u00e6ver ikke gebyr ved aflysning, heller ikke p\u00e5 dagen. I tilf\u00e6lde hvor det givne materiel allerede er leveret og klargjort, forbeholder vi os dog retten til at tage gebyr <\/li>\n<\/ol>\n<\/details>\n\n\n\n<p class=\"wp-block-paragraph\"><\/p>\n","protected":false},"excerpt":{"rendered":"<p>Vi har masser af udstyr til at g\u00f8re din fest til noget s\u00e6rligt. N\u00e5r i lejer udstyr af os, s\u00f8rger vi altid for transport og reng\u00f8ring, samt grundig instruks i anvendelsen af maskinerne. Til maskinerne f\u00f8lger ogs\u00e5 en basis-pakke af tilbeh\u00f8r, s\u00e5 i ikke skal t\u00e6nke p\u00e5 andet end at nyde dagen. \u00d8nsker man yderligere tilbeh\u00f8r kan dette tilk\u00f8bes. Leje af maskine Ekstra kopper\/b\u00e6gre Ekstra r\u00e5varer Slush-Ice Popcorn Varm kakao<\/p>\n","protected":false},"author":1,"featured_media":0,"parent":0,"menu_order":0,"comment_status":"closed","ping_status":"closed","template":"","meta":{"_crdt_document":"","footnotes":""},"class_list":["post-26","page","type-page","status-publish","hentry"],"_links":{"self":[{"href":"https:\/\/brdrvejen.dk\/index.php\/wp-json\/wp\/v2\/pages\/26","targetHints":{"allow":["GET"]}}],"collection":[{"href":"https:\/\/brdrvejen.dk\/index.php\/wp-json\/wp\/v2\/pages"}],"about":[{"href":"https:\/\/brdrvejen.dk\/index.php\/wp-json\/wp\/v2\/types\/page"}],"author":[{"embeddable":true,"href":"https:\/\/brdrvejen.dk\/index.php\/wp-json\/wp\/v2\/users\/1"}],"replies":[{"embeddable":true,"href":"https:\/\/brdrvejen.dk\/index.php\/wp-json\/wp\/v2\/comments?post=26"}],"version-history":[{"count":6,"href":"https:\/\/brdrvejen.dk\/index.php\/wp-json\/wp\/v2\/pages\/26\/revisions"}],"predecessor-version":[{"id":114,"href":"https:\/\/brdrvejen.dk\/index.php\/wp-json\/wp\/v2\/pages\/26\/revisions\/114"}],"wp:attachment":[{"href":"https:\/\/brdrvejen.dk\/index.php\/wp-json\/wp\/v2\/media?parent=26"}],"curies":[{"name":"wp","href":"https:\/\/api.w.org\/{rel}","templated":true}]}}